{"id":562,"date":"2025-02-18T01:14:05","date_gmt":"2025-02-17T23:14:05","guid":{"rendered":"https:\/\/660555706.linuxzone247.grserver.gr\/?page_id=562"},"modified":"2025-12-21T19:52:59","modified_gmt":"2025-12-21T17:52:59","slug":"about","status":"publish","type":"page","link":"https:\/\/ktimatavasileiou.gr\/tr\/about\/","title":{"rendered":"\u015eirket"},"content":{"rendered":"<div class=\"wp-block-uagb-container uagb-layout-flex uagb-block-edf9ad47 alignfull uagb-is-root-container\"><div class=\"uagb-container-inner-blocks-wrap\">\n<div class=\"wp-block-uagb-advanced-heading uagb-block-022836bc\"><p class=\"uagb-desc-text\">Krall\u0131k m\u00fclkleri<\/p><h1 class=\"uagb-heading-text\">Tarihimiz ve Gelene\u011fimiz<\/h1><\/div>\n<\/div><\/div>\n\n\n\n<div class=\"wp-block-uagb-container uagb-layout-grid uagb-block-889b654d alignfull uagb-is-root-container\"><div class=\"uagb-container-inner-blocks-wrap\">\n<div class=\"wp-block-uagb-advanced-heading uagb-block-1f8f3c3f\"><p class=\"uagb-desc-text\">Bizim i\u00e7in<\/p><h2 class=\"uagb-heading-text\">Misyonumuz ve felsefemiz<\/h2><\/div>\n\n\n\n<div class=\"wp-block-uagb-container uagb-layout-flex uagb-block-63e0ef61\">\n<div class=\"wp-block-uagb-advanced-heading uagb-block-11111ede\"><h3 class=\"uagb-heading-text\">Vassiliou Estates, zeytinya\u011f\u0131 ve zeytin \u00fcretiminde uluslararas\u0131 \u00f6d\u00fcller kazanan g\u00fc\u00e7l\u00fc bir \u00fcne sahiptir.<\/h3><p class=\"uagb-desc-text\">10.000 zeytin a\u011fac\u0131 ile aile gelene\u011fini modern teknoloji ile birle\u015ftirerek en kaliteli \u00fcr\u00fcnleri \u00fcretiyor, pazarda en iyiye ba\u011fl\u0131l\u0131kla rekabet ediyoruz.<\/p><\/div>\n\n\n\n<div class=\"wp-block-uagb-container uagb-layout-grid uagb-block-1f2e5329\">\n<div class=\"wp-block-uagb-counter uagb-block-c405ce85 wp-block-uagb-counter--number\"><div class=\"wp-block-uagb-counter__number\"><span class=\"uagb-counter-block-number\" data-duration=\"1.5\" data-to-value=\"60\" data-from-value=\"0\" data-delimiter=\",\"><\/span><\/div><div class=\"wp-block-uagb-counter__title\">Deneyim Y\u0131llar\u0131<\/div><\/div>\n\n\n\n<div class=\"wp-block-uagb-counter uagb-block-803805b1 wp-block-uagb-counter--number\"><div class=\"wp-block-uagb-counter__number\"><span class=\"uagb-counter-block-number\" data-duration=\"1.5\" data-to-value=\"10000\" data-from-value=\"9500\" data-delimiter=\".\"><\/span><\/div><div class=\"wp-block-uagb-counter__title\">Zeytin a\u011fa\u00e7lar\u0131<\/div><\/div>\n<\/div>\n<\/div>\n\n\n\n<div class=\"wp-block-uagb-container uagb-block-1f905456\">\n<div class=\"wp-block-uagb-image alignleft uagb-block-5d6e02fa wp-block-uagb-image--layout-default wp-block-uagb-image--effect-static wp-block-uagb-image--align-left\"><figure class=\"wp-block-uagb-image__figure\"><img decoding=\"async\" srcset=\"https:\/\/ktimatavasileiou.gr\/wp-content\/uploads\/2025\/02\/pexels-photo-13880696-683x1024.jpeg ,https:\/\/ktimatavasileiou.gr\/wp-content\/uploads\/2025\/02\/pexels-photo-13880696.jpeg 780w, https:\/\/ktimatavasileiou.gr\/wp-content\/uploads\/2025\/02\/pexels-photo-13880696.jpeg 360w\" sizes=\"auto, (max-width: 480px) 150px\" src=\"https:\/\/ktimatavasileiou.gr\/wp-content\/uploads\/2025\/02\/pexels-photo-13880696-683x1024.jpeg\" alt=\"A woman's hand gently holds an olive branch, capturing the natural beauty of olives.\" class=\"uag-image-19\" width=\"1020\" height=\"400\" title=\"pexels-photo-13880696\" loading=\"lazy\" role=\"img\"\/><\/figure><\/div>\n<\/div>\n<\/div><\/div>\n\n\n\n<div class=\"wp-block-uagb-container uagb-layout-grid uagb-block-ff28d7e0 alignfull uagb-is-root-container\"><div class=\"uagb-container-inner-blocks-wrap\">\n<div class=\"wp-block-uagb-advanced-heading uagb-block-770336da\"><h3 class=\"uagb-heading-text\">Kalite G\u00fcvenilirli\u011fi<\/h3><p class=\"uagb-desc-text\">Misyonumuz, yapt\u0131\u011f\u0131m\u0131z her i\u015fte s\u00fcrd\u00fcr\u00fclebilirli\u011fi ve m\u00fckemmelli\u011fi sa\u011flamak i\u00e7in modern uygulamalar\u0131 benimserken, ailemizin geleneksel de\u011ferlerine sayg\u0131 duyarak m\u00fc\u015fterilerimize y\u00fcksek kaliteli s\u0131zma zeytinya\u011f\u0131 ve zeytin sunmakt\u0131r.<\/p><\/div>\n\n\n\n<div class=\"wp-block-uagb-advanced-heading uagb-block-f1a98bc0\"><h3 class=\"uagb-heading-text\">Eylem ve Geli\u015fim<\/h3><p class=\"uagb-desc-text\">Vizyonumuz, yerel ekonomiye ve ekolojik s\u00fcrd\u00fcr\u00fclebilirli\u011fe katk\u0131da bulunurken, Yunan geleneklerini ve \u00fcr\u00fcnlerimizin e\u015fsiz lezzetini tan\u0131tarak uluslararas\u0131 pazarda zeytinya\u011f\u0131 sekt\u00f6r\u00fcnde ilk tercih olmakt\u0131r.<\/p><\/div>\n\n\n\n<div class=\"wp-block-uagb-image uagb-block-5155eb65 wp-block-uagb-image--layout-default wp-block-uagb-image--effect-static wp-block-uagb-image--align-none\"><figure class=\"wp-block-uagb-image__figure\"><img decoding=\"async\" srcset=\"https:\/\/ktimatavasileiou.gr\/wp-content\/uploads\/2025\/02\/pexels-photo-25745499-576x1024.jpeg ,https:\/\/ktimatavasileiou.gr\/wp-content\/uploads\/2025\/02\/pexels-photo-25745499.jpeg 780w, https:\/\/ktimatavasileiou.gr\/wp-content\/uploads\/2025\/02\/pexels-photo-25745499.jpeg 360w\" sizes=\"auto, (max-width: 480px) 150px\" src=\"https:\/\/ktimatavasileiou.gr\/wp-content\/uploads\/2025\/02\/pexels-photo-25745499-576x1024.jpeg\" alt=\"Close-up of fresh olive oil in a glass jar with olives and olive branches on a wooden cutting board.\" class=\"uag-image-23\" width=\"400\" height=\"460\" title=\"pexels-photo-25745499\" loading=\"lazy\" role=\"img\"\/><\/figure><\/div>\n<\/div><\/div>\n\n\n\n<div class=\"wp-block-uagb-container uagb-layout-grid uagb-block-ec9486ee default uagb-is-root-container\">\n<div class=\"wp-block-uagb-image uagb-block-936d1125 wp-block-uagb-image--layout-default wp-block-uagb-image--effect-static wp-block-uagb-image--align-none\"><figure class=\"wp-block-uagb-image__figure\"><img decoding=\"async\" srcset=\"https:\/\/ktimatavasileiou.gr\/wp-content\/uploads\/2025\/02\/Biok-1024x497.png ,https:\/\/ktimatavasileiou.gr\/wp-content\/uploads\/2025\/02\/Biok.png 780w, https:\/\/ktimatavasileiou.gr\/wp-content\/uploads\/2025\/02\/Biok.png 360w\" sizes=\"auto, (max-width: 480px) 150px\" src=\"https:\/\/ktimatavasileiou.gr\/wp-content\/uploads\/2025\/02\/Biok-1024x497.png\" alt=\"\" class=\"uag-image-1024\" width=\"522\" height=\"440\" title=\"Biok\" loading=\"lazy\" role=\"img\"\/><\/figure><\/div>\n\n\n\n<div class=\"wp-block-uagb-info-box uagb-block-5a2bc621 uagb-infobox__content-wrap  uagb-infobox-icon-above-title uagb-infobox-image-valign-top wp-block-uagb-info-box--has-margin\"><div class=\"uagb-infobox-margin-wrapper\"><div class=\"uagb-ifb-content\"><div class=\"uagb-ifb-title-wrap\"><span class=\"uagb-ifb-title-prefix\">Tarih\u00e7emiz<\/span><h2 class=\"uagb-ifb-title\">1959'dan beri: miras\u0131m\u0131z<\/h2><\/div><p class=\"uagb-ifb-desc\">Stylianos Vassiliou, 1959 y\u0131l\u0131nda tanr\u0131\u00e7an\u0131n kendisine vaat etti\u011fi \u015feyi verece\u011fini umarak tanr\u0131\u00e7a Athena'n\u0131n hediyesini memleketi Makri'ye dikmeye karar verdi\u011finde sadece 20 ya\u015f\u0131ndayd\u0131.<br><br>Yar\u0131m y\u00fczy\u0131l sonra, Vassiliou ailesi bu rotay\u0131 devam ettirmeyi \u00fcstlenmi\u015ftir. Akdeniz'in en eski zeytinliklerinden biri olan Makri'de Vassiliou Tesisleri bulunmaktad\u0131r. Eski gelene\u011fi takip eden ancak zeytin \u00fcretimi ve hasad\u0131 i\u00e7in en modern teknolojiyi kullanan Vassiliou \u0130\u015fletmeleri, uluslararas\u0131 yar\u0131\u015fmalarda \u00f6ne \u00e7\u0131kan s\u0131zma zeytinya\u011f\u0131n\u0131n yan\u0131 s\u0131ra benzer ayr\u0131cal\u0131klara sahip zeytinler de sunmaktad\u0131r. Bug\u00fcn, m\u00fckemmel bir bak\u0131mla binlerce y\u0131ll\u0131k gelene\u011fi s\u00fcrd\u00fcren zeytin a\u011fa\u00e7lar\u0131n\u0131n say\u0131s\u0131 10.000'dir. \"\u0130lahi\" bir hediyenin tad\u0131n\u0131 \u00e7\u0131karmak istiyorsan\u0131z bilgimize ve gelene\u011fimize g\u00fcvenin.<\/p><\/div><\/div><\/div>\n<\/div>\n\n\n\n<div class=\"wp-block-uagb-container uagb-layout-grid uagb-block-d17d52f5 alignfull uagb-is-root-container\"><div class=\"uagb-container-inner-blocks-wrap\">\n<div class=\"wp-block-uagb-image uagb-block-f5c79397 wp-block-uagb-image--layout-default wp-block-uagb-image--effect-static wp-block-uagb-image--align-none uag-hide-mob\"><figure class=\"wp-block-uagb-image__figure\"><img decoding=\"async\" srcset=\"https:\/\/ktimatavasileiou.gr\/wp-content\/uploads\/2025\/02\/pexels-photo-25745497-576x1024.jpeg ,https:\/\/ktimatavasileiou.gr\/wp-content\/uploads\/2025\/02\/pexels-photo-25745497.jpeg 780w, https:\/\/ktimatavasileiou.gr\/wp-content\/uploads\/2025\/02\/pexels-photo-25745497.jpeg 360w\" sizes=\"auto, (max-width: 480px) 150px\" src=\"https:\/\/ktimatavasileiou.gr\/wp-content\/uploads\/2025\/02\/pexels-photo-25745497-576x1024.jpeg\" alt=\"A top view of a cruet with olive oil and olives on a wooden cutting board.\" class=\"uag-image-24\" width=\"180\" height=\"180\" title=\"pexels-photo-25745497\" loading=\"lazy\" role=\"img\"\/><\/figure><\/div>\n\n\n\n<div data-aos= \"fade\" data-aos-duration=\"400\" data-aos-delay=\"0\" data-aos-easing=\"ease\" data-aos-once=\"true\" class=\"wp-block-uagb-info-box uagb-block-e0e0877b uagb-infobox__content-wrap  uagb-infobox-icon-above-title uagb-infobox-image-valign-top wp-block-uagb-info-box--has-margin\"><div class=\"uagb-infobox-margin-wrapper\"><div class=\"uagb-ifb-content\"><div class=\"uagb-ifb-title-wrap\"><p class=\"uagb-ifb-title-prefix\">Bize ula\u015f\u0131n<\/p><h2 class=\"uagb-ifb-title\">\u00dcr\u00fcnlerimizi bug\u00fcn daha yak\u0131ndan tan\u0131y\u0131n!<\/h2><\/div><p class=\"uagb-ifb-desc\">\u0130leti\u015fime ge\u00e7in ve en iyi zeytinya\u011flar\u0131m\u0131z\u0131 ve zeytinlerimizi nas\u0131l elde edebilece\u011finizi \u00f6\u011frenin.<\/p><div class=\"uagb-ifb-button-wrapper wp-block-button\"><a href=\"\/tr\/\u03c0\u03c1\u03bf\u03ca\u03cc\u03bd\u03c4\u03b1-2\/\" class=\"uagb-infobox-cta-link wp-block-button__link\" target=\"_self\" rel=\"noopener noreferrer\" onclick=\"return true;\"><span class=\"uagb-inline-editing\">\u00dcr\u00fcnleri G\u00f6r<\/span><\/a><\/div><\/div><\/div><\/div>\n\n\n\n<div class=\"wp-block-uagb-image uagb-block-7baf2f18 wp-block-uagb-image--layout-default wp-block-uagb-image--effect-static wp-block-uagb-image--align-none uag-hide-mob\"><figure class=\"wp-block-uagb-image__figure\"><img decoding=\"async\" srcset=\"https:\/\/ktimatavasileiou.gr\/wp-content\/uploads\/2025\/02\/pexels-photo-1047312-1024x678.jpeg ,https:\/\/ktimatavasileiou.gr\/wp-content\/uploads\/2025\/02\/pexels-photo-1047312.jpeg 780w, https:\/\/ktimatavasileiou.gr\/wp-content\/uploads\/2025\/02\/pexels-photo-1047312.jpeg 360w\" sizes=\"auto, (max-width: 480px) 150px\" src=\"https:\/\/ktimatavasileiou.gr\/wp-content\/uploads\/2025\/02\/pexels-photo-1047312-1024x678.jpeg\" alt=\"Close-up of olive tree branches with sunlit leaves and ripe olives in Greece.\" class=\"uag-image-25\" width=\"180\" height=\"180\" title=\"pexels-photo-1047312\" loading=\"lazy\" role=\"img\"\/><\/figure><\/div>\n<\/div><\/div>","protected":false},"excerpt":{"rendered":"<p>\u039a\u03c4\u03ae\u03bc\u03b1\u03c4\u03b1 \u0392\u03b1\u03c3\u03b9\u03bb\u03b5\u03af\u03bf\u03c5 \u0397 \u0399\u03c3\u03c4\u03bf\u03c1\u03af\u03b1 \u03bc\u03b1\u03c2 \u03ba\u03b1\u03b9 \u03b7 \u03a0\u03b1\u03c1\u03ac\u03b4\u03bf\u03c3\u03b7 \u03bc\u03b1\u03c2 \u0393\u03b9\u03b1 \u03b5\u03bc\u03ac\u03c2 \u0397 \u03b1\u03c0\u03bf\u03c3\u03c4\u03bf\u03bb\u03ae \u03ba\u03b1\u03b9 \u03b7 \u03c6\u03b9\u03bb\u03bf\u03c3\u03bf\u03c6\u03af\u03b1 \u03bc\u03b1\u03c2 \u03a4\u03b1 \u039a\u03c4\u03ae\u03bc\u03b1\u03c4\u03b1 \u0392\u03b1\u03c3\u03b9\u03bb\u03b5\u03af\u03bf\u03c5 [&hellip;]<\/p>\n","protected":false},"author":1,"featured_media":0,"parent":0,"menu_order":0,"comment_status":"closed","ping_status":"closed","template":"","meta":{"_uag_custom_page_level_css":"","site-sidebar-layout":"default","site-content-layout":"","ast-site-content-layout":"default","site-content-style":"default","site-sidebar-style":"default","ast-global-header-display":"","ast-banner-title-visibility":"","ast-main-header-display":"","ast-hfb-above-header-display":"","ast-hfb-below-header-display":"","ast-hfb-mobile-header-display":"","site-post-title":"disabled","ast-breadcrumbs-content":"","ast-featured-img":"","footer-sml-layout":"","ast-disable-related-posts":"","theme-transparent-header-meta":"enabled","adv-header-id-meta":"","stick-header-meta":"","header-above-stick-meta":"","header-main-stick-meta":"","header-below-stick-meta":"","astra-migrate-meta-layouts":"default","ast-page-background-enabled":"default","ast-page-background-meta":{"desktop":{"background-color":"var(--ast-global-color-4)","background-image":"","background-repeat":"repeat","background-position":"center center","background-size":"auto","background-attachment":"scroll","background-type":"","background-media":"","overlay-type":"","overlay-color":"","overlay-opacity":"","overlay-gradient":""},"tablet":{"background-color":"","background-image":"","background-repeat":"repeat","background-position":"center center","background-size":"auto","background-attachment":"scroll","background-type":"","background-media":"","overlay-type":"","overlay-color":"","overlay-opacity":"","overlay-gradient":""},"mobile":{"background-color":"","background-image":"","background-repeat":"repeat","background-position":"center center","background-size":"auto","background-attachment":"scroll","background-type":"","background-media":"","overlay-type":"","overlay-color":"","overlay-opacity":"","overlay-gradient":""}},"ast-content-background-meta":{"desktop":{"background-color":"var(--ast-global-color-5)","background-image":"","background-repeat":"repeat","background-position":"center center","background-size":"auto","background-attachment":"scroll","background-type":"","background-media":"","overlay-type":"","overlay-color":"","overlay-opacity":"","overlay-gradient":""},"tablet":{"background-color":"var(--ast-global-color-5)","background-image":"","background-repeat":"repeat","background-position":"center center","background-size":"auto","background-attachment":"scroll","background-type":"","background-media":"","overlay-type":"","overlay-color":"","overlay-opacity":"","overlay-gradient":""},"mobile":{"background-color":"var(--ast-global-color-5)","background-image":"","background-repeat":"repeat","background-position":"center center","background-size":"auto","background-attachment":"scroll","background-type":"","background-media":"","overlay-type":"","overlay-color":"","overlay-opacity":"","overlay-gradient":""}},"footnotes":""},"class_list":["post-562","page","type-page","status-publish","hentry"],"uagb_featured_image_src":{"full":false,"thumbnail":false,"medium":false,"medium_large":false,"large":false,"1536x1536":false,"2048x2048":false,"trp-custom-language-flag":false,"woocommerce_thumbnail":false,"woocommerce_single":false,"woocommerce_gallery_thumbnail":false},"uagb_author_info":{"display_name":"admin","author_link":"https:\/\/ktimatavasileiou.gr\/tr\/author\/djcaesar\/"},"uagb_comment_info":0,"uagb_excerpt":"\u039a\u03c4\u03ae\u03bc\u03b1\u03c4\u03b1 \u0392\u03b1\u03c3\u03b9\u03bb\u03b5\u03af\u03bf\u03c5 \u0397 \u0399\u03c3\u03c4\u03bf\u03c1\u03af\u03b1 \u03bc\u03b1\u03c2 \u03ba\u03b1\u03b9 \u03b7 \u03a0\u03b1\u03c1\u03ac\u03b4\u03bf\u03c3\u03b7 \u03bc\u03b1\u03c2 \u0393\u03b9\u03b1 \u03b5\u03bc\u03ac\u03c2 \u0397 \u03b1\u03c0\u03bf\u03c3\u03c4\u03bf\u03bb\u03ae \u03ba\u03b1\u03b9 \u03b7 \u03c6\u03b9\u03bb\u03bf\u03c3\u03bf\u03c6\u03af\u03b1 \u03bc\u03b1\u03c2 \u03a4\u03b1 \u039a\u03c4\u03ae\u03bc\u03b1\u03c4\u03b1 \u0392\u03b1\u03c3\u03b9\u03bb\u03b5\u03af\u03bf\u03c5 [&hellip;]","_links":{"self":[{"href":"https:\/\/ktimatavasileiou.gr\/tr\/wp-json\/wp\/v2\/pages\/562","targetHints":{"allow":["GET"]}}],"collection":[{"href":"https:\/\/ktimatavasileiou.gr\/tr\/wp-json\/wp\/v2\/pages"}],"about":[{"href":"https:\/\/ktimatavasileiou.gr\/tr\/wp-json\/wp\/v2\/types\/page"}],"author":[{"embeddable":true,"href":"https:\/\/ktimatavasileiou.gr\/tr\/wp-json\/wp\/v2\/users\/1"}],"replies":[{"embeddable":true,"href":"https:\/\/ktimatavasileiou.gr\/tr\/wp-json\/wp\/v2\/comments?post=562"}],"version-history":[{"count":5,"href":"https:\/\/ktimatavasileiou.gr\/tr\/wp-json\/wp\/v2\/pages\/562\/revisions"}],"predecessor-version":[{"id":1103,"href":"https:\/\/ktimatavasileiou.gr\/tr\/wp-json\/wp\/v2\/pages\/562\/revisions\/1103"}],"wp:attachment":[{"href":"https:\/\/ktimatavasileiou.gr\/tr\/wp-json\/wp\/v2\/media?parent=562"}],"curies":[{"name":"wp","href":"https:\/\/api.w.org\/{rel}","templated":true}]}}