{"id":760,"date":"2025-02-18T01:14:19","date_gmt":"2025-02-17T23:14:19","guid":{"rendered":"https:\/\/660555706.linuxzone247.grserver.gr\/?page_id=760"},"modified":"2025-12-21T20:16:29","modified_gmt":"2025-12-21T18:16:29","slug":"contact","status":"publish","type":"page","link":"https:\/\/ktimatavasileiou.gr\/tr\/contact\/","title":{"rendered":"Contact"},"content":{"rendered":"<div class=\"wp-block-uagb-container uagb-layout-flex uagb-block-edf9ad47 alignfull uagb-is-root-container\"><div class=\"uagb-container-inner-blocks-wrap\">\n<div class=\"wp-block-uagb-advanced-heading uagb-block-022836bc\"><p class=\"uagb-desc-text\">\u0130leti\u015fim<\/p><h1 class=\"uagb-heading-text\">Bize kolay ve h\u0131zl\u0131 bir \u015fekilde ula\u015f\u0131n<\/h1><\/div>\n<\/div><\/div>\n\n\n\n<div class=\"wp-block-uagb-container uagb-layout-grid uagb-block-889b654d alignfull uagb-is-root-container\"><div class=\"uagb-container-inner-blocks-wrap\">\n<div class=\"wp-block-uagb-container uagb-block-a1503ca7\">\n<div class=\"wp-block-uagb-advanced-heading uagb-block-1f8f3c3f\"><p class=\"uagb-desc-text\">\u0130leti\u015fim formu<\/p><h2 class=\"uagb-heading-text\">Sorular\u0131n\u0131z\u0131 yan\u0131tlamak i\u00e7in buraday\u0131z<\/h2><\/div>\n\n\n\n<div class=\"wp-block-uagb-icon-list uagb-block-3fd53615\"><div class=\"uagb-icon-list__wrap\">\n<div class=\"wp-block-uagb-icon-list-child uagb-block-caafeaf5\"><a target=\"_blank\" aria-label=\"Liste \u00f6\u011fesi\" rel=\"noopener noreferrer\" href=\"https:\/\/www.facebook.com\/profile.php?id=61553349096214\"> <\/a><span class=\"uagb-icon-list__source-wrap\"><svg xmlns=\"https:\/\/www.w3.org\/2000\/svg\" viewbox=\"0 0 512 512\"><path d=\"M504 256C504 119 393 8 256 8S8 119 8 256c0 123.8 90.69 226.4 209.3 245V327.7h-63V256h63v-54.64c0-62.15 37-96.48 93.67-96.48 27.14 0 55.52 4.84 55.52 4.84v61h-31.28c-30.8 0-40.41 19.12-40.41 38.73V256h68.78l-11 71.69h-57.78V501C413.3 482.4 504 379.8 504 256z\"><\/path><\/svg><\/span><\/div>\n<\/div><\/div>\n<\/div>\n\n\n\n<div class=\"wp-block-uagb-container uagb-layout-flex uagb-block-63e0ef61\">\n<div class=\"wp-block-uagb-advanced-heading uagb-block-11111ede\"><h3 class=\"uagb-heading-text\">Formu doldurun, m\u00fcmk\u00fcn olan en k\u0131sa s\u00fcrede sizinle ileti\u015fime ge\u00e7ece\u011fiz.<\/h3><\/div>\n\n\n\n<div class=\"wp-block-uagb-advanced-heading uagb-block-25590896\"><p class=\"uagb-heading-text\">Telefon: <strong>25510 71 686<\/strong> - <strong>6944 236 871<\/strong><\/p><div class=\"uagb-separator\"><\/div><\/div>\n\n\n\n<div class=\"wp-block-uagb-advanced-heading uagb-block-525f916b\"><p class=\"uagb-heading-text\">Elektrik. Postane: <strong>vasileiouestates@gmail.com<\/strong><\/p><div class=\"uagb-separator\"><\/div><\/div>\n\n\n\n<div class=\"wp-block-uagb-advanced-heading uagb-block-94af7e4b\"><p class=\"uagb-heading-text\">Adres: <strong>Vasileiou Makri Krall\u0131\u011f\u0131 Dedea\u011fa\u00e7<\/strong><\/p><\/div>\n<\/div>\n<\/div><\/div>\n\n\n\n<div class=\"wp-block-uagb-container uagb-layout-grid uagb-block-856a3241 alignfull uagb-is-root-container\"><div class=\"uagb-container-inner-blocks-wrap\">\n<iframe src=\"https:\/\/www.google.com\/maps\/embed?pb=!1m18!1m12!1m3!1d533.4681635885772!2d25.745841007745497!3d40.855376129757694!2m3!1f0!2f0!3f0!3m2!1i1024!2i768!4f13.1!3m3!1m2!1s0x14b20195ee42640f%3A0xa03597261b020d42!2zzprPhM6uzrzOsc-EzrEgzpLOsc-DzrnOu861zq_Ov8-FLVZhc2lsZWlvdSBFc3RhdGVz!5e0!3m2!1sel!2sgr!4v1757596274208!5m2!1sel!2sgr\" width=\"600\" height=\"450\" style=\"border:0;\" allowfullscreen=\"\" loading=\"lazy\" referrerpolicy=\"no-referrer-when-downgrade\"><\/iframe>\n\n\n\n<div class=\"wp-block-uagb-container uagb-block-9c4c8c42\">\n<div class=\"wp-block-uagb-forms uagb-forms__outer-wrap uagb-block-8edc68b8 uagb-forms__medium-btn\"><form class=\"uagb-forms-main-form\" method=\"post\" autocomplete=\"on\" name=\"uagb-form-8edc68b8\" action=\"\">\n<div class=\"wp-block-uagb-forms-name uagb-forms-name-wrap uagb-forms-field-set uagb-block-af29e0ff\"><div class=\"uagb-forms-name-label required uagb-forms-input-label\" id=\"af29e0ff\">ilk isim<\/div><input type=\"text\" placeholder=\"\u0130sim\" required class=\"uagb-forms-name-input uagb-forms-input\" name=\"af29e0ff\" autocomplete=\"given-name\"\/><\/div>\n\n\n\n<div class=\"wp-block-uagb-forms-email uagb-forms-email-wrap uagb-forms-field-set uagb-block-321b39f8\"><div class=\"uagb-forms-email-label  uagb-forms-input-label\" id=\"321b39f8\">E-posta<\/div><input type=\"email\" class=\"uagb-forms-email-input uagb-forms-input\" placeholder=\"E-posta\" name=\"321b39f8\" autocomplete=\"email\"\/><\/div>\n\n\n\n<div class=\"wp-block-uagb-forms-textarea uagb-forms-textarea-wrap uagb-forms-field-set uagb-block-46b82280\"><div class=\"uagb-forms-textarea-label required uagb-forms-input-label\" id=\"46b82280\">Mesaj<\/div><textarea required class=\"uagb-forms-textarea-input uagb-forms-input\" rows=\"4\" placeholder=\"Bir mesaj yaz\u0131n\" name=\"46b82280\" autocomplete=\"off\"><\/textarea><\/div>\n<div class=\"uagb-forms-form-hidden-data\"><input type=\"hidden\" class=\"uagb_forms_form_label\" value=\"Spectra Form\"\/><input type=\"hidden\" class=\"uagb_forms_form_id\" value=\"uagb-form-8edc68b8\"\/><\/div><div class=\"uagb-form-reacaptcha-error-8edc68b8\"><\/div><div class=\"uagb-forms-main-submit-button-wrap wp-block-button\"><button class=\"uagb-forms-main-submit-button wp-block-button__link\"><div class=\"uagb-forms-main-submit-button-text\">Bir mesaj g\u00f6nderin<\/div><\/button><\/div><input type=\"hidden\" name=\"trp-form-language\" value=\"tr\"\/><\/form><div class=\"uagb-forms-success-message-8edc68b8 uagb-forms-submit-message-hide\"><span>Form ba\u015far\u0131yla g\u00f6nderildi!<\/span><\/div><div class=\"uagb-forms-failed-message-8edc68b8 uagb-forms-submit-message-hide\"><span>Formu g\u00f6nderirken bir hata olu\u015ftu. L\u00fctfen t\u00fcm form alanlar\u0131n\u0131 tekrar do\u011frulay\u0131n.<\/span><\/div><\/div>\n<\/div>\n<\/div><\/div>\n\n\n\n<div class=\"wp-block-uagb-container uagb-layout-grid uagb-block-d17d52f5 alignfull uagb-is-root-container\"><div class=\"uagb-container-inner-blocks-wrap\">\n<div class=\"wp-block-uagb-image uagb-block-f5c79397 wp-block-uagb-image--layout-default wp-block-uagb-image--effect-static wp-block-uagb-image--align-none uag-hide-mob\"><figure class=\"wp-block-uagb-image__figure\"><img decoding=\"async\" srcset=\"https:\/\/ktimatavasileiou.gr\/wp-content\/uploads\/2025\/02\/pexels-photo-25745497-576x1024.jpeg ,https:\/\/ktimatavasileiou.gr\/wp-content\/uploads\/2025\/02\/pexels-photo-25745497.jpeg 780w, https:\/\/ktimatavasileiou.gr\/wp-content\/uploads\/2025\/02\/pexels-photo-25745497.jpeg 360w\" sizes=\"auto, (max-width: 480px) 150px\" src=\"https:\/\/ktimatavasileiou.gr\/wp-content\/uploads\/2025\/02\/pexels-photo-25745497-576x1024.jpeg\" alt=\"A top view of a cruet with olive oil and olives on a wooden cutting board.\" class=\"uag-image-24\" width=\"180\" height=\"180\" title=\"pexels-photo-25745497\" loading=\"lazy\" role=\"img\"\/><\/figure><\/div>\n\n\n\n<div data-aos= \"fade\" data-aos-duration=\"400\" data-aos-delay=\"0\" data-aos-easing=\"ease\" data-aos-once=\"true\" class=\"wp-block-uagb-info-box uagb-block-e0e0877b uagb-infobox__content-wrap  uagb-infobox-icon-above-title uagb-infobox-image-valign-top wp-block-uagb-info-box--has-margin\"><div class=\"uagb-infobox-margin-wrapper\"><div class=\"uagb-ifb-content\"><div class=\"uagb-ifb-title-wrap\"><p class=\"uagb-ifb-title-prefix\">Bize ula\u015f\u0131n<\/p><h2 class=\"uagb-ifb-title\">\u00dcr\u00fcnlerimizi bug\u00fcn daha yak\u0131ndan tan\u0131y\u0131n!<\/h2><\/div><p class=\"uagb-ifb-desc\">\u0130leti\u015fime ge\u00e7in ve en iyi zeytinya\u011flar\u0131m\u0131z\u0131 ve zeytinlerimizi nas\u0131l elde edebilece\u011finizi \u00f6\u011frenin.<\/p><div class=\"uagb-ifb-button-wrapper wp-block-button\"><a href=\"\/tr\/\u03c0\u03c1\u03bf\u03ca\u03cc\u03bd\u03c4\u03b1-2\/\" class=\"uagb-infobox-cta-link wp-block-button__link\" target=\"_self\" rel=\"noopener noreferrer\" onclick=\"return true;\"><span class=\"uagb-inline-editing\">\u00dcr\u00fcnleri G\u00f6r<\/span><\/a><\/div><\/div><\/div><\/div>\n\n\n\n<div class=\"wp-block-uagb-image uagb-block-7baf2f18 wp-block-uagb-image--layout-default wp-block-uagb-image--effect-static wp-block-uagb-image--align-none uag-hide-mob\"><figure class=\"wp-block-uagb-image__figure\"><img decoding=\"async\" srcset=\"https:\/\/ktimatavasileiou.gr\/wp-content\/uploads\/2025\/02\/pexels-photo-1047312-1024x678.jpeg ,https:\/\/ktimatavasileiou.gr\/wp-content\/uploads\/2025\/02\/pexels-photo-1047312.jpeg 780w, https:\/\/ktimatavasileiou.gr\/wp-content\/uploads\/2025\/02\/pexels-photo-1047312.jpeg 360w\" sizes=\"auto, (max-width: 480px) 150px\" src=\"https:\/\/ktimatavasileiou.gr\/wp-content\/uploads\/2025\/02\/pexels-photo-1047312-1024x678.jpeg\" alt=\"Close-up of olive tree branches with sunlit leaves and ripe olives in Greece.\" class=\"uag-image-25\" width=\"180\" height=\"180\" title=\"pexels-photo-1047312\" loading=\"lazy\" role=\"img\"\/><\/figure><\/div>\n<\/div><\/div>\n\n\n\n<p><\/p>","protected":false},"excerpt":{"rendered":"<p>\u0395\u03c0\u03b9\u03ba\u03bf\u03b9\u03bd\u03c9\u03bd\u03af\u03b1 \u0395\u03c0\u03b9\u03ba\u03bf\u03b9\u03bd\u03c9\u03bd\u03ae\u03c3\u03c4\u03b5 \u03bc\u03b1\u03b6\u03af \u03bc\u03b1\u03c2 \u03b5\u03cd\u03ba\u03bf\u03bb\u03b1 \u03ba\u03b1\u03b9 \u03b3\u03c1\u03ae\u03b3\u03bf\u03c1\u03b1 \u03a6\u03cc\u03c1\u03bc\u03b1 \u0395\u03c0\u03b9\u03ba\u03bf\u03b9\u03bd\u03c9\u03bd\u03af\u03b1\u03c2 \u0395\u03af\u03bc\u03b1\u03c3\u03c4\u03b5 \u03b5\u03b4\u03ce \u03b3\u03b9\u03b1 \u03bd\u03b1 \u03b1\u03c0\u03b1\u03bd\u03c4\u03ae\u03c3\u03bf\u03c5\u03bc\u03b5 \u03c3\u03c4\u03b9\u03c2 \u03b1\u03c0\u03bf\u03c1\u03af\u03b5\u03c2 \u03c3\u03b1\u03c2 \u03a3\u03c5\u03bc\u03c0\u03bb\u03b7\u03c1\u03ce\u03c3\u03c4\u03b5 \u03c4\u03b7 \u03c6\u03cc\u03c1\u03bc\u03b1 [&hellip;]<\/p>\n","protected":false},"author":1,"featured_media":0,"parent":0,"menu_order":0,"comment_status":"closed","ping_status":"closed","template":"","meta":{"_uag_custom_page_level_css":"","site-sidebar-layout":"default","site-content-layout":"","ast-site-content-layout":"default","site-content-style":"default","site-sidebar-style":"default","ast-global-header-display":"","ast-banner-title-visibility":"","ast-main-header-display":"","ast-hfb-above-header-display":"","ast-hfb-below-header-display":"","ast-hfb-mobile-header-display":"","site-post-title":"disabled","ast-breadcrumbs-content":"","ast-featured-img":"","footer-sml-layout":"","ast-disable-related-posts":"","theme-transparent-header-meta":"enabled","adv-header-id-meta":"","stick-header-meta":"","header-above-stick-meta":"","header-main-stick-meta":"","header-below-stick-meta":"","astra-migrate-meta-layouts":"default","ast-page-background-enabled":"default","ast-page-background-meta":{"desktop":{"background-color":"var(--ast-global-color-4)","background-image":"","background-repeat":"repeat","background-position":"center center","background-size":"auto","background-attachment":"scroll","background-type":"","background-media":"","overlay-type":"","overlay-color":"","overlay-opacity":"","overlay-gradient":""},"tablet":{"background-color":"","background-image":"","background-repeat":"repeat","background-position":"center center","background-size":"auto","background-attachment":"scroll","background-type":"","background-media":"","overlay-type":"","overlay-color":"","overlay-opacity":"","overlay-gradient":""},"mobile":{"background-color":"","background-image":"","background-repeat":"repeat","background-position":"center center","background-size":"auto","background-attachment":"scroll","background-type":"","background-media":"","overlay-type":"","overlay-color":"","overlay-opacity":"","overlay-gradient":""}},"ast-content-background-meta":{"desktop":{"background-color":"var(--ast-global-color-5)","background-image":"","background-repeat":"repeat","background-position":"center center","background-size":"auto","background-attachment":"scroll","background-type":"","background-media":"","overlay-type":"","overlay-color":"","overlay-opacity":"","overlay-gradient":""},"tablet":{"background-color":"var(--ast-global-color-5)","background-image":"","background-repeat":"repeat","background-position":"center center","background-size":"auto","background-attachment":"scroll","background-type":"","background-media":"","overlay-type":"","overlay-color":"","overlay-opacity":"","overlay-gradient":""},"mobile":{"background-color":"var(--ast-global-color-5)","background-image":"","background-repeat":"repeat","background-position":"center center","background-size":"auto","background-attachment":"scroll","background-type":"","background-media":"","overlay-type":"","overlay-color":"","overlay-opacity":"","overlay-gradient":""}},"footnotes":""},"class_list":["post-760","page","type-page","status-publish","hentry"],"uagb_featured_image_src":{"full":false,"thumbnail":false,"medium":false,"medium_large":false,"large":false,"1536x1536":false,"2048x2048":false,"trp-custom-language-flag":false,"woocommerce_thumbnail":false,"woocommerce_single":false,"woocommerce_gallery_thumbnail":false},"uagb_author_info":{"display_name":"admin","author_link":"https:\/\/ktimatavasileiou.gr\/tr\/author\/djcaesar\/"},"uagb_comment_info":0,"uagb_excerpt":"\u0395\u03c0\u03b9\u03ba\u03bf\u03b9\u03bd\u03c9\u03bd\u03af\u03b1 \u0395\u03c0\u03b9\u03ba\u03bf\u03b9\u03bd\u03c9\u03bd\u03ae\u03c3\u03c4\u03b5 \u03bc\u03b1\u03b6\u03af \u03bc\u03b1\u03c2 \u03b5\u03cd\u03ba\u03bf\u03bb\u03b1 \u03ba\u03b1\u03b9 \u03b3\u03c1\u03ae\u03b3\u03bf\u03c1\u03b1 \u03a6\u03cc\u03c1\u03bc\u03b1 \u0395\u03c0\u03b9\u03ba\u03bf\u03b9\u03bd\u03c9\u03bd\u03af\u03b1\u03c2 \u0395\u03af\u03bc\u03b1\u03c3\u03c4\u03b5 \u03b5\u03b4\u03ce \u03b3\u03b9\u03b1 \u03bd\u03b1 \u03b1\u03c0\u03b1\u03bd\u03c4\u03ae\u03c3\u03bf\u03c5\u03bc\u03b5 \u03c3\u03c4\u03b9\u03c2 \u03b1\u03c0\u03bf\u03c1\u03af\u03b5\u03c2 \u03c3\u03b1\u03c2 \u03a3\u03c5\u03bc\u03c0\u03bb\u03b7\u03c1\u03ce\u03c3\u03c4\u03b5 \u03c4\u03b7 \u03c6\u03cc\u03c1\u03bc\u03b1 [&hellip;]","_links":{"self":[{"href":"https:\/\/ktimatavasileiou.gr\/tr\/wp-json\/wp\/v2\/pages\/760","targetHints":{"allow":["GET"]}}],"collection":[{"href":"https:\/\/ktimatavasileiou.gr\/tr\/wp-json\/wp\/v2\/pages"}],"about":[{"href":"https:\/\/ktimatavasileiou.gr\/tr\/wp-json\/wp\/v2\/types\/page"}],"author":[{"embeddable":true,"href":"https:\/\/ktimatavasileiou.gr\/tr\/wp-json\/wp\/v2\/users\/1"}],"replies":[{"embeddable":true,"href":"https:\/\/ktimatavasileiou.gr\/tr\/wp-json\/wp\/v2\/comments?post=760"}],"version-history":[{"count":9,"href":"https:\/\/ktimatavasileiou.gr\/tr\/wp-json\/wp\/v2\/pages\/760\/revisions"}],"predecessor-version":[{"id":1108,"href":"https:\/\/ktimatavasileiou.gr\/tr\/wp-json\/wp\/v2\/pages\/760\/revisions\/1108"}],"wp:attachment":[{"href":"https:\/\/ktimatavasileiou.gr\/tr\/wp-json\/wp\/v2\/media?parent=760"}],"curies":[{"name":"wp","href":"https:\/\/api.w.org\/{rel}","templated":true}]}}