{"id":903,"date":"2025-02-23T05:47:14","date_gmt":"2025-02-23T03:47:14","guid":{"rendered":"https:\/\/660555706.linuxzone247.grserver.gr\/?post_type=product&#038;p=903"},"modified":"2025-03-14T04:44:38","modified_gmt":"2025-03-14T02:44:38","slug":"%ce%b5%ce%be%ce%b1%ce%b9%cf%81%ce%b5%cf%84%ce%b9%ce%ba%cf%8c-%cf%80%ce%b1%cf%81%ce%b8%ce%ad%ce%bd%ce%bf-%ce%b5%ce%bb%ce%b1%ce%b9%cf%8c%ce%bb%ce%b1%ce%b4%ce%bf-5-lt","status":"publish","type":"product","link":"https:\/\/ktimatavasileiou.gr\/tr\/urun\/%ce%b5%ce%be%ce%b1%ce%b9%cf%81%ce%b5%cf%84%ce%b9%ce%ba%cf%8c-%cf%80%ce%b1%cf%81%ce%b8%ce%ad%ce%bd%ce%bf-%ce%b5%ce%bb%ce%b1%ce%b9%cf%8c%ce%bb%ce%b1%ce%b4%ce%bf-5-lt\/","title":{"rendered":"S\u0131zma Zeytinya\u011f\u0131 5 Lt"},"content":{"rendered":"<p>\u03a3\u03c5\u03c3\u03ba\u03b5\u03c5\u03b1\u03c3\u03af\u03b1 5 \u039b\u03af\u03c4\u03c1\u03c9\u03bd.<\/p>\n<p>\u0395\u03bb\u03b1\u03b9\u03cc\u03bb\u03b1\u03b4\u03bf \u03b1\u03bd\u03c9\u03c4\u03ad\u03c1\u03b1\u03c2 \u03ba\u03b1\u03c4\u03b7\u03b3\u03bf\u03c1\u03af\u03b1\u03c2 \u03c0\u03bf\u03c5 \u03c0\u03b1\u03c1\u03ac\u03b3\u03b5\u03c4\u03b1\u03b9 \u03b1\u03c0\u03b5\u03c5\u03b8\u03b5\u03af\u03b1\u03c2 \u03b1\u03c0\u03cc \u03b5\u03bb\u03b9\u03ad\u03c2 &amp; \u03bc\u03cc\u03bd\u03bf \u03bc\u03b5 \u03bc\u03b7\u03c7\u03b1\u03bd\u03b9\u03ba\u03ad\u03c2 \u03bc\u03b5\u03b8\u03cc\u03b4\u03bf\u03c5\u03c2.<\/p>\n<p>\u0395\u03bb\u03bb\u03b7\u03bd\u03b9\u03ba\u03cc \u03a0\u03c1\u03bf\u03ca\u03cc\u03bd<\/p>","protected":false},"excerpt":{"rendered":"<p>\u03a3\u03c5\u03c3\u03ba\u03b5\u03c5\u03b1\u03c3\u03af\u03b1 5 \u039b\u03af\u03c4\u03c1\u03c9\u03bd.<\/p>\n<p>\u0395\u03bb\u03b1\u03b9\u03cc\u03bb\u03b1\u03b4\u03bf \u03b1\u03bd\u03c9\u03c4\u03ad\u03c1\u03b1\u03c2 \u03ba\u03b1\u03c4\u03b7\u03b3\u03bf\u03c1\u03af\u03b1\u03c2 \u03c0\u03bf\u03c5 \u03c0\u03b1\u03c1\u03ac\u03b3\u03b5\u03c4\u03b1\u03b9 \u03b1\u03c0\u03b5\u03c5\u03b8\u03b5\u03af\u03b1\u03c2 \u03b1\u03c0\u03cc \u03b5\u03bb\u03b9\u03ad\u03c2 &amp; \u03bc\u03cc\u03bd\u03bf \u03bc\u03b5 \u03bc\u03b7\u03c7\u03b1\u03bd\u03b9\u03ba\u03ad\u03c2 \u03bc\u03b5\u03b8\u03cc\u03b4\u03bf\u03c5\u03c2.<\/p>\n<p>\u0395\u03bb\u03bb\u03b7\u03bd\u03b9\u03ba\u03cc \u03a0\u03c1\u03bf\u03ca\u03cc\u03bd<\/p>","protected":false},"featured_media":1047,"template":"","meta":{"_uag_custom_page_level_css":"","site-sidebar-layout":"default","site-content-layout":"","ast-site-content-layout":"default","site-content-style":"default","site-sidebar-style":"default","ast-global-header-display":"","ast-banner-title-visibility":"","ast-main-header-display":"","ast-hfb-above-header-display":"","ast-hfb-below-header-display":"","ast-hfb-mobile-header-display":"","site-post-title":"","ast-breadcrumbs-content":"","ast-featured-img":"","footer-sml-layout":"","ast-disable-related-posts":"","theme-transparent-header-meta":"default","adv-header-id-meta":"","stick-header-meta":"","header-above-stick-meta":"","header-main-stick-meta":"","header-below-stick-meta":"","astra-migrate-meta-layouts":"set","ast-page-background-enabled":"default","ast-page-background-meta":{"desktop":{"background-color":"var(--ast-global-color-4)","background-image":"","background-repeat":"repeat","background-position":"center center","background-size":"auto","background-attachment":"scroll","background-type":"","background-media":"","overlay-type":"","overlay-color":"","overlay-opacity":"","overlay-gradient":""},"tablet":{"background-color":"","background-image":"","background-repeat":"repeat","background-position":"center center","background-size":"auto","background-attachment":"scroll","background-type":"","background-media":"","overlay-type":"","overlay-color":"","overlay-opacity":"","overlay-gradient":""},"mobile":{"background-color":"","background-image":"","background-repeat":"repeat","background-position":"center center","background-size":"auto","background-attachment":"scroll","background-type":"","background-media":"","overlay-type":"","overlay-color":"","overlay-opacity":"","overlay-gradient":""}},"ast-content-background-meta":{"desktop":{"background-color":"var(--ast-global-color-5)","background-image":"","background-repeat":"repeat","background-position":"center center","background-size":"auto","background-attachment":"scroll","background-type":"","background-media":"","overlay-type":"","overlay-color":"","overlay-opacity":"","overlay-gradient":""},"tablet":{"background-color":"var(--ast-global-color-5)","background-image":"","background-repeat":"repeat","background-position":"center center","background-size":"auto","background-attachment":"scroll","background-type":"","background-media":"","overlay-type":"","overlay-color":"","overlay-opacity":"","overlay-gradient":""},"mobile":{"background-color":"var(--ast-global-color-5)","background-image":"","background-repeat":"repeat","background-position":"center center","background-size":"auto","background-attachment":"scroll","background-type":"","background-media":"","overlay-type":"","overlay-color":"","overlay-opacity":"","overlay-gradient":""}}},"product_brand":[],"product_cat":[19],"product_tag":[20],"class_list":{"0":"post-903","1":"product","2":"type-product","3":"status-publish","4":"has-post-thumbnail","6":"product_cat-19","7":"product_tag-20","8":"desktop-align-left","9":"tablet-align-left","10":"mobile-align-left","12":"first","13":"instock","14":"shipping-taxable","15":"product-type-simple"},"uagb_featured_image_src":{"full":["https:\/\/ktimatavasileiou.gr\/wp-content\/uploads\/2025\/02\/5LTGR1.png",800,800,false],"thumbnail":["https:\/\/ktimatavasileiou.gr\/wp-content\/uploads\/2025\/02\/5LTGR1-150x150.png",150,150,true],"medium":["https:\/\/ktimatavasileiou.gr\/wp-content\/uploads\/2025\/02\/5LTGR1-300x300.png",300,300,true],"medium_large":["https:\/\/ktimatavasileiou.gr\/wp-content\/uploads\/2025\/02\/5LTGR1-768x768.png",768,768,true],"large":["https:\/\/ktimatavasileiou.gr\/wp-content\/uploads\/2025\/02\/5LTGR1.png",800,800,false],"1536x1536":["https:\/\/ktimatavasileiou.gr\/wp-content\/uploads\/2025\/02\/5LTGR1.png",800,800,false],"2048x2048":["https:\/\/ktimatavasileiou.gr\/wp-content\/uploads\/2025\/02\/5LTGR1.png",800,800,false],"trp-custom-language-flag":["https:\/\/ktimatavasileiou.gr\/wp-content\/uploads\/2025\/02\/5LTGR1-12x12.png",12,12,true],"woocommerce_thumbnail":["https:\/\/ktimatavasileiou.gr\/wp-content\/uploads\/2025\/02\/5LTGR1-300x300.png",300,300,true],"woocommerce_single":["https:\/\/ktimatavasileiou.gr\/wp-content\/uploads\/2025\/02\/5LTGR1.png",800,800,false],"woocommerce_gallery_thumbnail":["https:\/\/ktimatavasileiou.gr\/wp-content\/uploads\/2025\/02\/5LTGR1-100x100.png",100,100,true]},"uagb_author_info":{"display_name":"admin","author_link":"https:\/\/ktimatavasileiou.gr\/tr\/author\/"},"uagb_comment_info":0,"uagb_excerpt":"\u03a3\u03c5\u03c3\u03ba\u03b5\u03c5\u03b1\u03c3\u03af\u03b1 5 \u039b\u03af\u03c4\u03c1\u03c9\u03bd. \u0395\u03bb\u03b1\u03b9\u03cc\u03bb\u03b1\u03b4\u03bf \u03b1\u03bd\u03c9\u03c4\u03ad\u03c1\u03b1\u03c2 \u03ba\u03b1\u03c4\u03b7\u03b3\u03bf\u03c1\u03af\u03b1\u03c2 \u03c0\u03bf\u03c5 \u03c0\u03b1\u03c1\u03ac\u03b3\u03b5\u03c4\u03b1\u03b9 \u03b1\u03c0\u03b5\u03c5\u03b8\u03b5\u03af\u03b1\u03c2 \u03b1\u03c0\u03cc \u03b5\u03bb\u03b9\u03ad\u03c2 &amp; \u03bc\u03cc\u03bd\u03bf \u03bc\u03b5 \u03bc\u03b7\u03c7\u03b1\u03bd\u03b9\u03ba\u03ad\u03c2 \u03bc\u03b5\u03b8\u03cc\u03b4\u03bf\u03c5\u03c2. \u0395\u03bb\u03bb\u03b7\u03bd\u03b9\u03ba\u03cc \u03a0\u03c1\u03bf\u03ca\u03cc\u03bd","_links":{"self":[{"href":"https:\/\/ktimatavasileiou.gr\/tr\/wp-json\/wp\/v2\/product\/903","targetHints":{"allow":["GET"]}}],"collection":[{"href":"https:\/\/ktimatavasileiou.gr\/tr\/wp-json\/wp\/v2\/product"}],"about":[{"href":"https:\/\/ktimatavasileiou.gr\/tr\/wp-json\/wp\/v2\/types\/product"}],"wp:featuredmedia":[{"embeddable":true,"href":"https:\/\/ktimatavasileiou.gr\/tr\/wp-json\/wp\/v2\/media\/1047"}],"wp:attachment":[{"href":"https:\/\/ktimatavasileiou.gr\/tr\/wp-json\/wp\/v2\/media?parent=903"}],"wp:term":[{"taxonomy":"product_brand","embeddable":true,"href":"https:\/\/ktimatavasileiou.gr\/tr\/wp-json\/wp\/v2\/product_brand?post=903"},{"taxonomy":"product_cat","embeddable":true,"href":"https:\/\/ktimatavasileiou.gr\/tr\/wp-json\/wp\/v2\/product_cat?post=903"},{"taxonomy":"product_tag","embeddable":true,"href":"https:\/\/ktimatavasileiou.gr\/tr\/wp-json\/wp\/v2\/product_tag?post=903"}],"curies":[{"name":"wp","href":"https:\/\/api.w.org\/{rel}","templated":true}]}}